{"id":11166,"date":"2025-04-30T08:24:58","date_gmt":"2025-04-30T08:24:58","guid":{"rendered":"https:\/\/www.durmapress.com\/?page_id=11166"},"modified":"2026-03-02T07:20:45","modified_gmt":"2026-03-02T07:20:45","slug":"tandem-press-brake-for-light-pole","status":"publish","type":"page","link":"https:\/\/www.durmapress.com\/es\/plegadora-tandem-para-poste-de-luz\/","title":{"rendered":"Prensas plegadoras t\u00e1ndem para postes de luz"},"content":{"rendered":"<div data-elementor-type=\"wp-page\" data-elementor-id=\"11166\" class=\"elementor elementor-11166\" data-elementor-post-type=\"page\">\n\t\t\t\t\t\t<section class=\"elementor-section elementor-top-section elementor-element elementor-element-ebdc0d6 elementor-section-stretched elementor-section-full_width elementor-section-height-min-height elementor-section-height-default elementor-section-items-middle\" data-id=\"ebdc0d6\" data-element_type=\"section\" data-settings=\"{&quot;background_background&quot;:&quot;gradient&quot;,&quot;stretch_section&quot;:&quot;section-stretched&quot;,&quot;shape_divider_bottom&quot;:&quot;waves&quot;}\">\n\t\t\t\t\t\t\t<div class=\"elementor-background-overlay\"><\/div>\n\t\t\t\t\t\t<div class=\"elementor-shape elementor-shape-bottom\" data-negative=\"false\">\n\t\t\t<svg xmlns=\"http:\/\/www.w3.org\/2000\/svg\" viewbox=\"0 0 1000 100\" preserveaspectratio=\"none\">\n\t<path class=\"elementor-shape-fill\" d=\"M421.9,6.5c22.6-2.5,51.5,0.4,75.5,5.3c23.6,4.9,70.9,23.5,100.5,35.7c75.8,32.2,133.7,44.5,192.6,49.7\tc23.6,2.1,48.7,3.5,103.4-2.5c54.7-6,106.2-25.6,106.2-25.6V0H0v30.3c0,0,72,32.6,158.4,30.5c39.2-0.7,92.8-6.7,134-22.4\tc21.2-8.1,52.2-18.2,79.7-24.2C399.3,7.9,411.6,7.5,421.9,6.5z\"\/>\n<\/svg>\t\t<\/div>\n\t\t\t\t\t<div class=\"elementor-container elementor-column-gap-default\">\n\t\t\t\t\t<div class=\"elementor-column elementor-col-100 elementor-top-column elementor-element elementor-element-250d7c2\" data-id=\"250d7c2\" data-element_type=\"column\" data-settings=\"{&quot;background_background&quot;:&quot;classic&quot;}\">\n\t\t\t<div class=\"elementor-widget-wrap elementor-element-populated\">\n\t\t\t\t\t\t<div class=\"elementor-element elementor-element-3069162 elementor-widget elementor-widget-heading\" data-id=\"3069162\" data-element_type=\"widget\" data-widget_type=\"heading.default\">\n\t\t\t\t<div class=\"elementor-widget-container\">\n\t\t\t\t\t<h1 class=\"elementor-heading-title elementor-size-default\">Prensas plegadoras t\u00e1ndem para postes de luz<\/h1>\t\t\t\t<\/div>\n\t\t\t\t<\/div>\n\t\t\t\t<div class=\"elementor-element elementor-element-444a08d elementor-widget elementor-widget-text-editor\" data-id=\"444a08d\" data-element_type=\"widget\" data-widget_type=\"text-editor.default\">\n\t\t\t\t<div class=\"elementor-widget-container\">\n\t\t\t\t\t\t\t\t\t<p>Solution \/ Tandem Press Brake For Light Pole<\/p>\t\t\t\t\t\t\t\t<\/div>\n\t\t\t\t<\/div>\n\t\t\t\t\t<\/div>\n\t\t<\/div>\n\t\t\t\t\t<\/div>\n\t\t<\/section>\n\t\t\t\t<section class=\"elementor-section elementor-top-section elementor-element elementor-element-4c0ab45 elementor-section-boxed elementor-section-height-default elementor-section-height-default\" data-id=\"4c0ab45\" data-element_type=\"section\">\n\t\t\t\t\t\t<div class=\"elementor-container elementor-column-gap-default\">\n\t\t\t\t\t<div class=\"elementor-column elementor-col-100 elementor-top-column elementor-element elementor-element-5ed4e54\" data-id=\"5ed4e54\" data-element_type=\"column\">\n\t\t\t<div class=\"elementor-widget-wrap elementor-element-populated\">\n\t\t\t\t\t\t<div class=\"elementor-element elementor-element-e3314e7 elementor-widget elementor-widget-heading\" data-id=\"e3314e7\" data-element_type=\"widget\" data-widget_type=\"heading.default\">\n\t\t\t\t<div class=\"elementor-widget-container\">\n\t\t\t\t\t<h2 class=\"elementor-heading-title elementor-size-default\">Nuestra soluci\u00f3n de plegadora en t\u00e1ndem<\/h2>\t\t\t\t<\/div>\n\t\t\t\t<\/div>\n\t\t\t\t<section class=\"elementor-section elementor-inner-section elementor-element elementor-element-c1abebf elementor-section-boxed elementor-section-height-default elementor-section-height-default\" data-id=\"c1abebf\" data-element_type=\"section\">\n\t\t\t\t\t\t<div class=\"elementor-container elementor-column-gap-default\">\n\t\t\t\t\t<div class=\"elementor-column elementor-col-50 elementor-inner-column elementor-element elementor-element-ac790e1\" data-id=\"ac790e1\" data-element_type=\"column\">\n\t\t\t<div class=\"elementor-widget-wrap elementor-element-populated\">\n\t\t\t\t\t\t<div class=\"elementor-element elementor-element-99869fe elementor-widget elementor-widget-text-editor\" data-id=\"99869fe\" data-element_type=\"widget\" data-widget_type=\"text-editor.default\">\n\t\t\t\t<div class=\"elementor-widget-container\">\n\t\t\t\t\t\t\t\t\t<p class=\"\" data-start=\"460\" data-end=\"961\">Nuestra soluci\u00f3n de plegadora en t\u00e1ndem est\u00e1 especialmente dise\u00f1ada para la fabricaci\u00f3n de postes ligeros y piezas largas. Mediante la conexi\u00f3n de dos o m\u00e1s plegadoras con control CNC sincronizado, proporciona una precisi\u00f3n de plegado excepcional en grandes longitudes. Ideal para postes de alumbrado p\u00fablico, postes de m\u00e1stil alto y postes de servicios p\u00fablicos, este sistema garantiza una alta productividad, resultados uniformes y capacidades de conformado superiores. Descubra c\u00f3mo nuestros avanzados sistemas de plegadoras hidr\u00e1ulicas o el\u00e9ctricas en t\u00e1ndem pueden mejorar su proceso de fabricaci\u00f3n.<\/p>\t\t\t\t\t\t\t\t<\/div>\n\t\t\t\t<\/div>\n\t\t\t\t\t<\/div>\n\t\t<\/div>\n\t\t\t\t<div class=\"elementor-column elementor-col-50 elementor-inner-column elementor-element elementor-element-9e735b5\" data-id=\"9e735b5\" data-element_type=\"column\">\n\t\t\t<div class=\"elementor-widget-wrap elementor-element-populated\">\n\t\t\t\t\t\t<div class=\"elementor-element elementor-element-aa1e032 elementor-widget elementor-widget-image\" data-id=\"aa1e032\" data-element_type=\"widget\" data-widget_type=\"image.default\">\n\t\t\t\t<div class=\"elementor-widget-container\">\n\t\t\t\t\t\t\t\t\t\t\t\t\t\t\t<img fetchpriority=\"high\" decoding=\"async\" width=\"800\" height=\"450\" src=\"https:\/\/www.durmapress.com\/wp-content\/uploads\/2025\/06\/1749194412-Tandem-Press-Brake-For-Light-Pole.jpg\" class=\"attachment-full size-full wp-image-11454\" alt=\"Prensas plegadoras t\u00e1ndem para postes de luz\" srcset=\"https:\/\/www.durmapress.com\/wp-content\/uploads\/2025\/06\/1749194412-Tandem-Press-Brake-For-Light-Pole.jpg 800w, https:\/\/www.durmapress.com\/wp-content\/uploads\/2025\/06\/1749194412-Tandem-Press-Brake-For-Light-Pole-300x169.jpg 300w, https:\/\/www.durmapress.com\/wp-content\/uploads\/2025\/06\/1749194412-Tandem-Press-Brake-For-Light-Pole-768x432.jpg 768w, https:\/\/www.durmapress.com\/wp-content\/uploads\/2025\/06\/1749194412-Tandem-Press-Brake-For-Light-Pole-18x10.jpg 18w\" sizes=\"(max-width: 800px) 100vw, 800px\" \/>\t\t\t\t\t\t\t\t\t\t\t\t\t\t\t<\/div>\n\t\t\t\t<\/div>\n\t\t\t\t\t<\/div>\n\t\t<\/div>\n\t\t\t\t\t<\/div>\n\t\t<\/section>\n\t\t\t\t\t<\/div>\n\t\t<\/div>\n\t\t\t\t\t<\/div>\n\t\t<\/section>\n\t\t\t\t<section class=\"elementor-section elementor-top-section elementor-element elementor-element-effc385 elementor-section-boxed elementor-section-height-default elementor-section-height-default\" data-id=\"effc385\" data-element_type=\"section\">\n\t\t\t\t\t\t<div class=\"elementor-container elementor-column-gap-no\">\n\t\t\t\t\t<div class=\"elementor-column elementor-col-100 elementor-top-column elementor-element elementor-element-f57fd66\" data-id=\"f57fd66\" data-element_type=\"column\">\n\t\t\t<div class=\"elementor-widget-wrap elementor-element-populated\">\n\t\t\t\t\t\t<div class=\"elementor-element elementor-element-95c526a elementor-widget elementor-widget-heading\" data-id=\"95c526a\" data-element_type=\"widget\" data-widget_type=\"heading.default\">\n\t\t\t\t<div class=\"elementor-widget-container\">\n\t\t\t\t\t<h2 class=\"elementor-heading-title elementor-size-default\">Ver el v\u00eddeo<\/h2>\t\t\t\t<\/div>\n\t\t\t\t<\/div>\n\t\t\t\t\t<\/div>\n\t\t<\/div>\n\t\t\t\t\t<\/div>\n\t\t<\/section>\n\t\t\t\t<section class=\"elementor-section elementor-top-section elementor-element elementor-element-7cc8d07 elementor-section-height-min-height elementor-section-content-middle elementor-section-boxed elementor-section-height-default elementor-section-items-middle\" data-id=\"7cc8d07\" data-element_type=\"section\" data-settings=\"{&quot;background_background&quot;:&quot;classic&quot;}\">\n\t\t\t\t\t\t<div class=\"elementor-container elementor-column-gap-no\">\n\t\t\t\t\t<div class=\"elementor-column elementor-col-100 elementor-top-column elementor-element elementor-element-730629a\" data-id=\"730629a\" data-element_type=\"column\">\n\t\t\t<div class=\"elementor-widget-wrap elementor-element-populated\">\n\t\t\t\t\t\t<div class=\"elementor-element elementor-element-77093d3 elementor-widget elementor-widget-video\" data-id=\"77093d3\" data-element_type=\"widget\" data-settings=\"{&quot;video_type&quot;:&quot;hosted&quot;,&quot;loop&quot;:&quot;yes&quot;,&quot;show_image_overlay&quot;:&quot;yes&quot;,&quot;image_overlay&quot;:{&quot;url&quot;:&quot;https:\\\/\\\/www.durmapress.com\\\/wp-content\\\/uploads\\\/2025\\\/04\\\/1746000642-Press-Brake-for-Light-Pole-Manufacturing-durmapress.jpg&quot;,&quot;id&quot;:11182,&quot;size&quot;:&quot;&quot;,&quot;alt&quot;:&quot;&quot;,&quot;source&quot;:&quot;library&quot;}}\" data-widget_type=\"video.default\">\n\t\t\t\t<div class=\"elementor-widget-container\">\n\t\t\t\t\t\t\t<div class=\"e-hosted-video elementor-wrapper elementor-open-inline\">\n\t\t\t\t\t<video class=\"elementor-video\" src=\"https:\/\/www.durmapress.com\/wp-content\/uploads\/2025\/04\/1746000341-Press-Brake-for-Light-Pole-Manufacturing.mp4\" loop=\"\" preload=\"metadata\" controlslist=\"nodownload\"><\/video>\n\t\t\t\t\t\t<div class=\"elementor-custom-embed-image-overlay\" style=\"background-image: url(https:\/\/www.durmapress.com\/wp-content\/uploads\/2025\/04\/1746000642-Press-Brake-for-Light-Pole-Manufacturing-durmapress.jpg);\">\n\t\t\t\t\t\t\t\t\t\t\t\t\t\t\t\t<div class=\"elementor-custom-embed-play\" role=\"button\" aria-label=\"Reproducir v\u00eddeo\" tabindex=\"0\">\n\t\t\t\t\t\t\t<i aria-hidden=\"true\" class=\"eicon-play\"><\/i>\t\t\t\t\t\t<\/div>\n\t\t\t\t\t\t\t\t\t<\/div>\n\t\t\t\t\t<\/div>\n\t\t\t\t\t\t<\/div>\n\t\t\t\t<\/div>\n\t\t\t\t\t<\/div>\n\t\t<\/div>\n\t\t\t\t\t<\/div>\n\t\t<\/section>\n\t\t\t\t<section class=\"elementor-section elementor-top-section elementor-element elementor-element-69a80de elementor-section-content-middle elementor-section-boxed elementor-section-height-default elementor-section-height-default\" data-id=\"69a80de\" data-element_type=\"section\" data-settings=\"{&quot;background_background&quot;:&quot;classic&quot;}\">\n\t\t\t\t\t\t<div class=\"elementor-container elementor-column-gap-no\">\n\t\t\t\t\t<div class=\"elementor-column elementor-col-100 elementor-top-column elementor-element elementor-element-eaffaf0\" data-id=\"eaffaf0\" data-element_type=\"column\">\n\t\t\t<div class=\"elementor-widget-wrap elementor-element-populated\">\n\t\t\t\t\t\t<div class=\"elementor-element elementor-element-d3deabe elementor-widget elementor-widget-heading\" data-id=\"d3deabe\" data-element_type=\"widget\" data-widget_type=\"heading.default\">\n\t\t\t\t<div class=\"elementor-widget-container\">\n\t\t\t\t\t<h2 class=\"elementor-heading-title elementor-size-default\">Principales ventajas de la plegadora en t\u00e1ndem para postes de luz<\/h2>\t\t\t\t<\/div>\n\t\t\t\t<\/div>\n\t\t\t\t<section class=\"elementor-section elementor-inner-section elementor-element elementor-element-22e0f30 elementor-section-boxed elementor-section-height-default elementor-section-height-default\" data-id=\"22e0f30\" data-element_type=\"section\">\n\t\t\t\t\t\t<div class=\"elementor-container elementor-column-gap-default\">\n\t\t\t\t\t<div class=\"elementor-column elementor-col-50 elementor-inner-column elementor-element elementor-element-2b94228\" data-id=\"2b94228\" data-element_type=\"column\">\n\t\t\t<div class=\"elementor-widget-wrap elementor-element-populated\">\n\t\t\t\t\t\t<div class=\"elementor-element elementor-element-3a89346 elementor-widget elementor-widget-text-editor\" data-id=\"3a89346\" data-element_type=\"widget\" data-widget_type=\"text-editor.default\">\n\t\t\t\t<div class=\"elementor-widget-container\">\n\t\t\t\t\t\t\t\t\t<div class=\"flex-1 overflow-hidden\"><div class=\"react-scroll-to-bottom--css-sodll-79elbk h-full\"><div class=\"react-scroll-to-bottom--css-sodll-1n7m0yu\"><div class=\"flex flex-col text-sm pb-9\"><div class=\"w-full text-token-text-primary\" data-testid=\"conversation-turn-771\"><div class=\"px-4 py-2 justify-center text-base md:gap-6 m-auto\"><div class=\"flex flex-1 text-base mx-auto gap-3 md:px-5 lg:px-1 xl:px-5 md:max-w-3xl lg:max-w-[40rem] xl:max-w-[48rem] group final-completion\"><div class=\"relative flex w-full flex-col agent-turn\"><div class=\"flex-col gap-1 md:gap-3\"><div class=\"flex flex-grow flex-col max-w-full\"><div class=\"min-h-[20px] text-message flex flex-col items-start gap-3 whitespace-pre-wrap break-words [.text-message+&amp;]:mt-5 overflow-x-auto\" data-message-author-role=\"assistant\" data-message-id=\"121906dd-09f5-4541-aa38-0eafe938e833\"><div class=\"markdown prose w-full break-words dark:prose-invert light\"><p>Nuestra plegadora en t\u00e1ndem est\u00e1 dise\u00f1ada espec\u00edficamente para fabricar postes met\u00e1licos largos y c\u00f3nicos con gran precisi\u00f3n y uniformidad. La sincronizaci\u00f3n de dos plegadoras mediante un avanzado control CNC permite realizar plegados ultralargos de hasta 12 metros con una alineaci\u00f3n perfecta. El sistema ofrece una gran capacidad de tonelaje, un control de ejes flexible y herramientas personalizadas opcionales para perfiles de postes de luz redondos, c\u00f3nicos o poligonales.\u00a0<\/p><\/div><\/div><\/div><div class=\"mt-1 flex justify-start gap-3 empty:hidden\"><div class=\"text-gray-400 flex self-end lg:self-center items-center justify-center lg:justify-start mt-0 -ml-1 h-7 gap-[2px] visible\"><div class=\"flex\">\u00a0<\/div><\/div><\/div><div class=\"pr-2 lg:pr-0\">\u00a0<\/div><\/div><\/div><\/div><\/div><\/div><\/div><\/div><\/div><\/div><div class=\"w-full pt-2 md:pt-0 dark:border-white\/20 md:border-transparent md:dark:border-transparent md:w-[calc(100%-.5rem)]\"><form class=\"stretch mx-2 flex flex-row gap-3 last:mb-2 md:mx-4 md:last:mb-6 lg:mx-auto lg:max-w-2xl xl:max-w-3xl\" action=\"\"><div class=\"relative flex h-full flex-1 flex-col\"><div class=\"absolute bottom-full left-0 right-0\">\u00a0<\/div><div class=\"flex w-full items-center\">\u00a0<\/div><\/div><input type=\"hidden\" name=\"trp-form-language\" value=\"es\"\/><\/form><\/div>\t\t\t\t\t\t\t\t<\/div>\n\t\t\t\t<\/div>\n\t\t\t\t\t<\/div>\n\t\t<\/div>\n\t\t\t\t<div class=\"elementor-column elementor-col-50 elementor-inner-column elementor-element elementor-element-de93319\" data-id=\"de93319\" data-element_type=\"column\">\n\t\t\t<div class=\"elementor-widget-wrap elementor-element-populated\">\n\t\t\t\t\t\t<div class=\"elementor-element elementor-element-03d5efc elementor-widget elementor-widget-text-editor\" data-id=\"03d5efc\" data-element_type=\"widget\" data-widget_type=\"text-editor.default\">\n\t\t\t\t<div class=\"elementor-widget-container\">\n\t\t\t\t\t\t\t\t\t<p>Tanto si trabaja con acero dulce como con materiales de alta resistencia, esta soluci\u00f3n garantiza una mayor productividad, un tiempo de preparaci\u00f3n reducido y una precisi\u00f3n de plegado superior, lo que la convierte en la opci\u00f3n ideal para la producci\u00f3n de postes de luz. Con la confianza de los principales fabricantes de postes de todo el mundo, ofrece rendimiento y fiabilidad en proyectos de fabricaci\u00f3n a gran escala.<\/p>\t\t\t\t\t\t\t\t<\/div>\n\t\t\t\t<\/div>\n\t\t\t\t\t<\/div>\n\t\t<\/div>\n\t\t\t\t\t<\/div>\n\t\t<\/section>\n\t\t\t\t\t<\/div>\n\t\t<\/div>\n\t\t\t\t\t<\/div>\n\t\t<\/section>\n\t\t\t\t<section class=\"elementor-section elementor-top-section elementor-element elementor-element-d84eaea elementor-section-boxed elementor-section-height-default elementor-section-height-default\" data-id=\"d84eaea\" data-element_type=\"section\">\n\t\t\t\t\t\t<div class=\"elementor-container elementor-column-gap-default\">\n\t\t\t\t\t<div class=\"elementor-column elementor-col-100 elementor-top-column elementor-element elementor-element-add0b51\" data-id=\"add0b51\" data-element_type=\"column\">\n\t\t\t<div class=\"elementor-widget-wrap elementor-element-populated\">\n\t\t\t\t\t\t<div class=\"elementor-element elementor-element-86fd6be elementor-widget elementor-widget-image\" data-id=\"86fd6be\" data-element_type=\"widget\" data-widget_type=\"image.default\">\n\t\t\t\t<div class=\"elementor-widget-container\">\n\t\t\t\t\t\t\t\t\t\t\t\t\t\t\t<img decoding=\"async\" width=\"800\" height=\"450\" src=\"https:\/\/www.durmapress.com\/wp-content\/uploads\/2025\/06\/1749196578-Tandem-Press-Brake-For-Light-Pole01.jpg\" class=\"attachment-large size-large wp-image-11456\" alt=\"Tandem Press Brake For Light Pole01\" srcset=\"https:\/\/www.durmapress.com\/wp-content\/uploads\/2025\/06\/1749196578-Tandem-Press-Brake-For-Light-Pole01.jpg 800w, https:\/\/www.durmapress.com\/wp-content\/uploads\/2025\/06\/1749196578-Tandem-Press-Brake-For-Light-Pole01-300x169.jpg 300w, https:\/\/www.durmapress.com\/wp-content\/uploads\/2025\/06\/1749196578-Tandem-Press-Brake-For-Light-Pole01-768x432.jpg 768w, https:\/\/www.durmapress.com\/wp-content\/uploads\/2025\/06\/1749196578-Tandem-Press-Brake-For-Light-Pole01-18x10.jpg 18w\" sizes=\"(max-width: 800px) 100vw, 800px\" \/>\t\t\t\t\t\t\t\t\t\t\t\t\t\t\t<\/div>\n\t\t\t\t<\/div>\n\t\t\t\t\t<\/div>\n\t\t<\/div>\n\t\t\t\t\t<\/div>\n\t\t<\/section>\n\t\t\t\t<section class=\"elementor-section elementor-top-section elementor-element elementor-element-30d26f5 elementor-section-boxed elementor-section-height-default elementor-section-height-default\" data-id=\"30d26f5\" data-element_type=\"section\">\n\t\t\t\t\t\t<div class=\"elementor-container elementor-column-gap-default\">\n\t\t\t\t\t<div class=\"elementor-column elementor-col-100 elementor-top-column elementor-element elementor-element-40b1f9d\" data-id=\"40b1f9d\" data-element_type=\"column\">\n\t\t\t<div class=\"elementor-widget-wrap elementor-element-populated\">\n\t\t\t\t\t\t<div class=\"elementor-element elementor-element-353902e elementor-widget elementor-widget-image\" data-id=\"353902e\" data-element_type=\"widget\" data-widget_type=\"image.default\">\n\t\t\t\t<div class=\"elementor-widget-container\">\n\t\t\t\t\t\t\t\t\t\t\t\t\t\t\t<img decoding=\"async\" width=\"845\" height=\"376\" src=\"https:\/\/www.durmapress.com\/wp-content\/uploads\/2025\/04\/1746001275-Press-Brake-for-Light-Pole-Manufacturing.png\" class=\"attachment-large size-large wp-image-11189\" alt=\"\" srcset=\"https:\/\/www.durmapress.com\/wp-content\/uploads\/2025\/04\/1746001275-Press-Brake-for-Light-Pole-Manufacturing.png 845w, https:\/\/www.durmapress.com\/wp-content\/uploads\/2025\/04\/1746001275-Press-Brake-for-Light-Pole-Manufacturing-300x133.png 300w, https:\/\/www.durmapress.com\/wp-content\/uploads\/2025\/04\/1746001275-Press-Brake-for-Light-Pole-Manufacturing-768x342.png 768w, https:\/\/www.durmapress.com\/wp-content\/uploads\/2025\/04\/1746001275-Press-Brake-for-Light-Pole-Manufacturing-18x8.png 18w\" sizes=\"(max-width: 845px) 100vw, 845px\" \/>\t\t\t\t\t\t\t\t\t\t\t\t\t\t\t<\/div>\n\t\t\t\t<\/div>\n\t\t\t\t\t<\/div>\n\t\t<\/div>\n\t\t\t\t\t<\/div>\n\t\t<\/section>\n\t\t\t\t<section class=\"elementor-section elementor-top-section elementor-element elementor-element-917e59c elementor-section-boxed elementor-section-height-default elementor-section-height-default\" data-id=\"917e59c\" data-element_type=\"section\">\n\t\t\t\t\t\t<div class=\"elementor-container elementor-column-gap-default\">\n\t\t\t\t\t<div class=\"elementor-column elementor-col-100 elementor-top-column elementor-element elementor-element-47dfa6b\" data-id=\"47dfa6b\" data-element_type=\"column\">\n\t\t\t<div class=\"elementor-widget-wrap elementor-element-populated\">\n\t\t\t\t\t\t<div class=\"elementor-element elementor-element-ad4fcbf elementor-widget elementor-widget-heading\" data-id=\"ad4fcbf\" data-element_type=\"widget\" data-widget_type=\"heading.default\">\n\t\t\t\t<div class=\"elementor-widget-container\">\n\t\t\t\t\t<h2 class=\"elementor-heading-title elementor-size-default\">Obtenga un presupuesto a medida<\/h2>\t\t\t\t<\/div>\n\t\t\t\t<\/div>\n\t\t\t\t<div class=\"elementor-element elementor-element-bbc0869 elementor-widget elementor-widget-text-editor\" data-id=\"bbc0869\" data-element_type=\"widget\" data-widget_type=\"text-editor.default\">\n\t\t\t\t<div class=\"elementor-widget-container\">\n\t\t\t\t\t\t\t\t\t<p>Send us your light pole specifications and production requirements, and receive a tailored tandem press brake solution within 24 hours.<\/p>\t\t\t\t\t\t\t\t<\/div>\n\t\t\t\t<\/div>\n\t\t\t\t<div class=\"elementor-element elementor-element-9ca7f3e elementor-widget elementor-widget-button\" data-id=\"9ca7f3e\" data-element_type=\"widget\" data-widget_type=\"button.default\">\n\t\t\t\t<div class=\"elementor-widget-container\">\n\t\t\t\t\t\t\t\t\t<div class=\"elementor-button-wrapper\">\n\t\t\t\t\t<a class=\"elementor-button elementor-button-link elementor-size-sm\" href=\"#elementor-action%3Aaction%3Dpopup%3Aopen%26settings%3DeyJpZCI6IjU2MjQiLCJ0b2dnbGUiOmZhbHNlfQ%3D%3D\">\n\t\t\t\t\t\t<span class=\"elementor-button-content-wrapper\">\n\t\t\t\t\t\t\t\t\t<span class=\"elementor-button-text\">sales@durmapress.com<\/span>\n\t\t\t\t\t<\/span>\n\t\t\t\t\t<\/a>\n\t\t\t\t<\/div>\n\t\t\t\t\t\t\t\t<\/div>\n\t\t\t\t<\/div>\n\t\t\t\t\t<\/div>\n\t\t<\/div>\n\t\t\t\t\t<\/div>\n\t\t<\/section>\n\t\t\t\t<\/div>","protected":false},"excerpt":{"rendered":"<p>Tandem Press Brake For Light Pole Solution \/ Tandem Press Brake For Light Pole Our Tandem Press Brake solution Our Tandem Press Brake solution is specially designed for light pole and long part fabrication. By linking two or more press brakes with synchronized CNC control, it provides exceptional bending accuracy over extended lengths. Ideal for&hellip;&nbsp;<a href=\"https:\/\/www.durmapress.com\/es\/plegadora-tandem-para-poste-de-luz\/\" rel=\"bookmark\">Leer M\u00e1s \"<span class=\"screen-reader-text\">Prensas plegadoras t\u00e1ndem para postes de luz<\/span><\/a><\/p>","protected":false},"author":1,"featured_media":11181,"parent":0,"menu_order":0,"comment_status":"closed","ping_status":"closed","template":"page-templates\/template-pagebuilder-full-width.php","meta":{"_seopress_robots_primary_cat":"","_seopress_titles_title":"Tandem CNC Press Brake for Light Poles \u2013 Long Part Bending Solution","_seopress_titles_desc":"Durmapress Tandem Press Brake solution is specially designed for light pole and long part fabrication. By linking two or more press brakes with synchronized CNC control, it provides exceptional bending accuracy over extended lengths.","_seopress_robots_index":"","neve_meta_sidebar":"","neve_meta_container":"","neve_meta_enable_content_width":"","neve_meta_content_width":0,"neve_meta_title_alignment":"","neve_meta_author_avatar":"","neve_post_elements_order":"","neve_meta_disable_header":"","neve_meta_disable_footer":"","neve_meta_disable_title":"","neve_meta_reading_time":""},"class_list":["post-11166","page","type-page","status-publish","has-post-thumbnail","hentry"],"_links":{"self":[{"href":"https:\/\/www.durmapress.com\/es\/wp-json\/wp\/v2\/pages\/11166","targetHints":{"allow":["GET"]}}],"collection":[{"href":"https:\/\/www.durmapress.com\/es\/wp-json\/wp\/v2\/pages"}],"about":[{"href":"https:\/\/www.durmapress.com\/es\/wp-json\/wp\/v2\/types\/page"}],"author":[{"embeddable":true,"href":"https:\/\/www.durmapress.com\/es\/wp-json\/wp\/v2\/users\/1"}],"replies":[{"embeddable":true,"href":"https:\/\/www.durmapress.com\/es\/wp-json\/wp\/v2\/comments?post=11166"}],"version-history":[{"count":0,"href":"https:\/\/www.durmapress.com\/es\/wp-json\/wp\/v2\/pages\/11166\/revisions"}],"wp:featuredmedia":[{"embeddable":true,"href":"https:\/\/www.durmapress.com\/es\/wp-json\/wp\/v2\/media\/11181"}],"wp:attachment":[{"href":"https:\/\/www.durmapress.com\/es\/wp-json\/wp\/v2\/media?parent=11166"}],"curies":[{"name":"wp","href":"https:\/\/api.w.org\/{rel}","templated":true}]}}