{"id":11460,"date":"2025-06-13T02:19:06","date_gmt":"2025-06-13T02:19:06","guid":{"rendered":"https:\/\/www.durmapress.com\/?page_id=11460"},"modified":"2026-03-02T07:45:48","modified_gmt":"2026-03-02T07:45:48","slug":"automatic-pipe-loading-machine","status":"publish","type":"page","link":"https:\/\/www.durmapress.com\/pt\/maquina-automatica-de-carregamento-de-tubos\/","title":{"rendered":"M\u00e1quina autom\u00e1tica de carregamento de tubos"},"content":{"rendered":"<div data-elementor-type=\"wp-page\" data-elementor-id=\"11460\" class=\"elementor elementor-11460\" data-elementor-post-type=\"page\">\n\t\t\t\t\t\t<section class=\"elementor-section elementor-top-section elementor-element elementor-element-119311d elementor-section-stretched elementor-section-full_width elementor-section-height-min-height elementor-section-height-default elementor-section-items-middle\" data-id=\"119311d\" data-element_type=\"section\" data-settings=\"{&quot;background_background&quot;:&quot;gradient&quot;,&quot;stretch_section&quot;:&quot;section-stretched&quot;,&quot;shape_divider_bottom&quot;:&quot;waves&quot;}\">\n\t\t\t\t\t\t\t<div class=\"elementor-background-overlay\"><\/div>\n\t\t\t\t\t\t<div class=\"elementor-shape elementor-shape-bottom\" data-negative=\"false\">\n\t\t\t<svg xmlns=\"http:\/\/www.w3.org\/2000\/svg\" viewbox=\"0 0 1000 100\" preserveaspectratio=\"none\">\n\t<path class=\"elementor-shape-fill\" d=\"M421.9,6.5c22.6-2.5,51.5,0.4,75.5,5.3c23.6,4.9,70.9,23.5,100.5,35.7c75.8,32.2,133.7,44.5,192.6,49.7\tc23.6,2.1,48.7,3.5,103.4-2.5c54.7-6,106.2-25.6,106.2-25.6V0H0v30.3c0,0,72,32.6,158.4,30.5c39.2-0.7,92.8-6.7,134-22.4\tc21.2-8.1,52.2-18.2,79.7-24.2C399.3,7.9,411.6,7.5,421.9,6.5z\"\/>\n<\/svg>\t\t<\/div>\n\t\t\t\t\t<div class=\"elementor-container elementor-column-gap-default\">\n\t\t\t\t\t<div class=\"elementor-column elementor-col-100 elementor-top-column elementor-element elementor-element-7dba2c0\" data-id=\"7dba2c0\" data-element_type=\"column\" data-settings=\"{&quot;background_background&quot;:&quot;classic&quot;}\">\n\t\t\t<div class=\"elementor-widget-wrap elementor-element-populated\">\n\t\t\t\t\t\t<div class=\"elementor-element elementor-element-32987a6 elementor-widget elementor-widget-heading\" data-id=\"32987a6\" data-element_type=\"widget\" data-widget_type=\"heading.default\">\n\t\t\t\t<div class=\"elementor-widget-container\">\n\t\t\t\t\t<h1 class=\"elementor-heading-title elementor-size-default\">M\u00e1quina autom\u00e1tica de carregamento de tubos<\/h1>\t\t\t\t<\/div>\n\t\t\t\t<\/div>\n\t\t\t\t<div class=\"elementor-element elementor-element-d21373b elementor-widget elementor-widget-text-editor\" data-id=\"d21373b\" data-element_type=\"widget\" data-widget_type=\"text-editor.default\">\n\t\t\t\t<div class=\"elementor-widget-container\">\n\t\t\t\t\t\t\t\t\t<p><strong>Automated pipe loading &amp; positioning for tube processing.<\/strong><\/p>\t\t\t\t\t\t\t\t<\/div>\n\t\t\t\t<\/div>\n\t\t\t\t\t<\/div>\n\t\t<\/div>\n\t\t\t\t\t<\/div>\n\t\t<\/section>\n\t\t\t\t<section class=\"elementor-section elementor-top-section elementor-element elementor-element-631d457 elementor-section-boxed elementor-section-height-default elementor-section-height-default\" data-id=\"631d457\" data-element_type=\"section\">\n\t\t\t\t\t\t<div class=\"elementor-container elementor-column-gap-default\">\n\t\t\t\t\t<div class=\"elementor-column elementor-col-100 elementor-top-column elementor-element elementor-element-1afa886\" data-id=\"1afa886\" data-element_type=\"column\">\n\t\t\t<div class=\"elementor-widget-wrap elementor-element-populated\">\n\t\t\t\t\t\t<div class=\"elementor-element elementor-element-7fd5b8b elementor-widget elementor-widget-heading\" data-id=\"7fd5b8b\" data-element_type=\"widget\" data-widget_type=\"heading.default\">\n\t\t\t\t<div class=\"elementor-widget-container\">\n\t\t\t\t\t<h2 class=\"elementor-heading-title elementor-size-default\">Solu\u00e7\u00e3o de alimenta\u00e7\u00e3o inteligente para corte de tubos por laser de fibra<\/h2>\t\t\t\t<\/div>\n\t\t\t\t<\/div>\n\t\t\t\t<section class=\"elementor-section elementor-inner-section elementor-element elementor-element-e197349 elementor-section-boxed elementor-section-height-default elementor-section-height-default\" data-id=\"e197349\" data-element_type=\"section\">\n\t\t\t\t\t\t<div class=\"elementor-container elementor-column-gap-default\">\n\t\t\t\t\t<div class=\"elementor-column elementor-col-50 elementor-inner-column elementor-element elementor-element-5b065e1\" data-id=\"5b065e1\" data-element_type=\"column\">\n\t\t\t<div class=\"elementor-widget-wrap elementor-element-populated\">\n\t\t\t\t\t\t<div class=\"elementor-element elementor-element-eed020a elementor-widget elementor-widget-text-editor\" data-id=\"eed020a\" data-element_type=\"widget\" data-widget_type=\"text-editor.default\">\n\t\t\t\t<div class=\"elementor-widget-container\">\n\t\t\t\t\t\t\t\t\t<p>A m\u00e1quina de carregamento autom\u00e1tico de tubos DURMAPRESS integra-se perfeitamente nos sistemas de corte a laser de fibra. Concebida com carregamento de alta efici\u00eancia, controlo avan\u00e7ado e estrutura robusta, suporta uma vasta gama de tamanhos de tubos, ideal para aplica\u00e7\u00f5es industriais exigentes.<\/p><p>Como fornecedor abrangente, a DURMAPRESS est\u00e1 empenhada em co-criar o futuro com os seus parceiros. Com tecnologia de ponta e uma rica experi\u00eancia industrial, fornecemos solu\u00e7\u00f5es de automa\u00e7\u00e3o fi\u00e1veis, adaptadas ao mercado de corte a laser em constante evolu\u00e7\u00e3o. A nossa m\u00e1quina autom\u00e1tica de carregamento de tubos \u00e9 um componente vital deste ecossistema, concebido para maximizar o rendimento e otimizar os fluxos de trabalho de processamento de tubos.<\/p>\t\t\t\t\t\t\t\t<\/div>\n\t\t\t\t<\/div>\n\t\t\t\t\t<\/div>\n\t\t<\/div>\n\t\t\t\t<div class=\"elementor-column elementor-col-50 elementor-inner-column elementor-element elementor-element-62713da\" data-id=\"62713da\" data-element_type=\"column\">\n\t\t\t<div class=\"elementor-widget-wrap elementor-element-populated\">\n\t\t\t\t\t\t<div class=\"elementor-element elementor-element-533521b elementor-widget elementor-widget-image\" data-id=\"533521b\" data-element_type=\"widget\" data-widget_type=\"image.default\">\n\t\t\t\t<div class=\"elementor-widget-container\">\n\t\t\t\t\t\t\t\t\t\t\t\t\t\t\t<img fetchpriority=\"high\" decoding=\"async\" width=\"800\" height=\"450\" src=\"https:\/\/www.durmapress.com\/wp-content\/uploads\/2025\/06\/1749796302-DURMAPRESS-Automatic-Pipe-Loading-Machine01.jpg\" class=\"attachment-large size-large wp-image-11491\" alt=\"DURMAPRESS Automatic Pipe Loading Machine\" srcset=\"https:\/\/www.durmapress.com\/wp-content\/uploads\/2025\/06\/1749796302-DURMAPRESS-Automatic-Pipe-Loading-Machine01.jpg 800w, https:\/\/www.durmapress.com\/wp-content\/uploads\/2025\/06\/1749796302-DURMAPRESS-Automatic-Pipe-Loading-Machine01-300x169.jpg 300w, https:\/\/www.durmapress.com\/wp-content\/uploads\/2025\/06\/1749796302-DURMAPRESS-Automatic-Pipe-Loading-Machine01-768x432.jpg 768w, https:\/\/www.durmapress.com\/wp-content\/uploads\/2025\/06\/1749796302-DURMAPRESS-Automatic-Pipe-Loading-Machine01-18x10.jpg 18w\" sizes=\"(max-width: 800px) 100vw, 800px\" \/>\t\t\t\t\t\t\t\t\t\t\t\t\t\t\t<\/div>\n\t\t\t\t<\/div>\n\t\t\t\t\t<\/div>\n\t\t<\/div>\n\t\t\t\t\t<\/div>\n\t\t<\/section>\n\t\t\t\t\t<\/div>\n\t\t<\/div>\n\t\t\t\t\t<\/div>\n\t\t<\/section>\n\t\t\t\t<section class=\"elementor-section elementor-top-section elementor-element elementor-element-bcc25f5 elementor-section-boxed elementor-section-height-default elementor-section-height-default\" data-id=\"bcc25f5\" data-element_type=\"section\" data-settings=\"{&quot;background_background&quot;:&quot;classic&quot;}\">\n\t\t\t\t\t\t<div class=\"elementor-container elementor-column-gap-default\">\n\t\t\t\t\t<div class=\"elementor-column elementor-col-100 elementor-top-column elementor-element elementor-element-3fb11a7\" data-id=\"3fb11a7\" data-element_type=\"column\">\n\t\t\t<div class=\"elementor-widget-wrap elementor-element-populated\">\n\t\t\t\t\t\t<div class=\"elementor-element elementor-element-55446da elementor-widget elementor-widget-image\" data-id=\"55446da\" data-element_type=\"widget\" data-widget_type=\"image.default\">\n\t\t\t\t<div class=\"elementor-widget-container\">\n\t\t\t\t\t\t\t\t\t\t\t\t\t\t\t<img decoding=\"async\" width=\"768\" height=\"512\" src=\"https:\/\/www.durmapress.com\/wp-content\/uploads\/2025\/06\/1749784643-Automatic-Pipe-Loading-Machine-768x512.jpg\" class=\"attachment-medium_large size-medium_large wp-image-11488\" alt=\"M\u00e1quina autom\u00e1tica de carregamento de tubos\" srcset=\"https:\/\/www.durmapress.com\/wp-content\/uploads\/2025\/06\/1749784643-Automatic-Pipe-Loading-Machine-768x512.jpg 768w, https:\/\/www.durmapress.com\/wp-content\/uploads\/2025\/06\/1749784643-Automatic-Pipe-Loading-Machine-300x200.jpg 300w, https:\/\/www.durmapress.com\/wp-content\/uploads\/2025\/06\/1749784643-Automatic-Pipe-Loading-Machine-1024x683.jpg 1024w, https:\/\/www.durmapress.com\/wp-content\/uploads\/2025\/06\/1749784643-Automatic-Pipe-Loading-Machine-18x12.jpg 18w, https:\/\/www.durmapress.com\/wp-content\/uploads\/2025\/06\/1749784643-Automatic-Pipe-Loading-Machine-930x620.jpg 930w, https:\/\/www.durmapress.com\/wp-content\/uploads\/2025\/06\/1749784643-Automatic-Pipe-Loading-Machine.jpg 1200w\" sizes=\"(max-width: 768px) 100vw, 768px\" \/>\t\t\t\t\t\t\t\t\t\t\t\t\t\t\t<\/div>\n\t\t\t\t<\/div>\n\t\t\t\t\t<\/div>\n\t\t<\/div>\n\t\t\t\t\t<\/div>\n\t\t<\/section>\n\t\t\t\t<section class=\"elementor-section elementor-top-section elementor-element elementor-element-1874010 elementor-section-boxed elementor-section-height-default elementor-section-height-default\" data-id=\"1874010\" data-element_type=\"section\">\n\t\t\t\t\t\t<div class=\"elementor-container elementor-column-gap-default\">\n\t\t\t\t\t<div class=\"elementor-column elementor-col-50 elementor-top-column elementor-element elementor-element-b9ff431\" data-id=\"b9ff431\" data-element_type=\"column\">\n\t\t\t<div class=\"elementor-widget-wrap elementor-element-populated\">\n\t\t\t\t\t\t<div class=\"elementor-element elementor-element-ab72f21 elementor-widget elementor-widget-image\" data-id=\"ab72f21\" data-element_type=\"widget\" data-widget_type=\"image.default\">\n\t\t\t\t<div class=\"elementor-widget-container\">\n\t\t\t\t\t\t\t\t\t\t\t\t\t\t\t<img decoding=\"async\" width=\"800\" height=\"450\" src=\"https:\/\/www.durmapress.com\/wp-content\/uploads\/2025\/06\/1749785784-DURMAPRESS-Automatic-Pipe-Loading-Machine.jpg\" class=\"attachment-large size-large wp-image-11490\" alt=\"DURMAPRESS Automatic Pipe Loading Machine\" srcset=\"https:\/\/www.durmapress.com\/wp-content\/uploads\/2025\/06\/1749785784-DURMAPRESS-Automatic-Pipe-Loading-Machine.jpg 800w, https:\/\/www.durmapress.com\/wp-content\/uploads\/2025\/06\/1749785784-DURMAPRESS-Automatic-Pipe-Loading-Machine-300x169.jpg 300w, https:\/\/www.durmapress.com\/wp-content\/uploads\/2025\/06\/1749785784-DURMAPRESS-Automatic-Pipe-Loading-Machine-768x432.jpg 768w, https:\/\/www.durmapress.com\/wp-content\/uploads\/2025\/06\/1749785784-DURMAPRESS-Automatic-Pipe-Loading-Machine-18x10.jpg 18w\" sizes=\"(max-width: 800px) 100vw, 800px\" \/>\t\t\t\t\t\t\t\t\t\t\t\t\t\t\t<\/div>\n\t\t\t\t<\/div>\n\t\t\t\t\t<\/div>\n\t\t<\/div>\n\t\t\t\t<div class=\"elementor-column elementor-col-50 elementor-top-column elementor-element elementor-element-905aaf0\" data-id=\"905aaf0\" data-element_type=\"column\">\n\t\t\t<div class=\"elementor-widget-wrap elementor-element-populated\">\n\t\t\t\t\t\t<div class=\"elementor-element elementor-element-534b0ad elementor-widget elementor-widget-toggle\" data-id=\"534b0ad\" data-element_type=\"widget\" data-widget_type=\"toggle.default\">\n\t\t\t\t<div class=\"elementor-widget-container\">\n\t\t\t\t\t\t\t<div class=\"elementor-toggle\">\n\t\t\t\t\t\t\t<div class=\"elementor-toggle-item\">\n\t\t\t\t\t<div id=\"elementor-tab-title-8731\" class=\"elementor-tab-title\" data-tab=\"1\" role=\"button\" aria-controls=\"elementor-tab-content-8731\" aria-expanded=\"false\">\n\t\t\t\t\t\t\t\t\t\t\t\t<span class=\"elementor-toggle-icon elementor-toggle-icon-left\" aria-hidden=\"true\">\n\t\t\t\t\t\t\t\t\t\t\t\t\t\t\t<span class=\"elementor-toggle-icon-closed\"><i class=\"fas fa-caret-right\"><\/i><\/span>\n\t\t\t\t\t\t\t\t<span class=\"elementor-toggle-icon-opened\"><i class=\"elementor-toggle-icon-opened fas fa-caret-up\"><\/i><\/span>\n\t\t\t\t\t\t\t\t\t\t\t\t\t<\/span>\n\t\t\t\t\t\t\t\t\t\t\t\t<a class=\"elementor-toggle-title\" tabindex=\"0\"> Elevada automatiza\u00e7\u00e3o com modos de funcionamento completo e semi-autom\u00e1tico<\/a>\n\t\t\t\t\t<\/div>\n\n\t\t\t\t\t<div id=\"elementor-tab-content-8731\" class=\"elementor-tab-content elementor-clearfix\" data-tab=\"1\" role=\"region\" aria-labelledby=\"elementor-tab-title-8731\"><p>Suporta ambos <strong data-start=\"115\" data-end=\"163\">funcionamento totalmente autom\u00e1tico e semi-autom\u00e1tico<\/strong>compat\u00edvel com di\u00e2metros de tubos de <strong data-start=\"201\" data-end=\"214\">\u00d820-360mm<\/strong> e os comprimentos de <strong data-start=\"230\" data-end=\"247\">6\/9\/12 metros<\/strong>. Ideal para um carregamento eficiente e est\u00e1vel para aumentar a produtividade.<\/p><\/div>\n\t\t\t\t<\/div>\n\t\t\t\t\t\t\t<div class=\"elementor-toggle-item\">\n\t\t\t\t\t<div id=\"elementor-tab-title-8732\" class=\"elementor-tab-title\" data-tab=\"2\" role=\"button\" aria-controls=\"elementor-tab-content-8732\" aria-expanded=\"false\">\n\t\t\t\t\t\t\t\t\t\t\t\t<span class=\"elementor-toggle-icon elementor-toggle-icon-left\" aria-hidden=\"true\">\n\t\t\t\t\t\t\t\t\t\t\t\t\t\t\t<span class=\"elementor-toggle-icon-closed\"><i class=\"fas fa-caret-right\"><\/i><\/span>\n\t\t\t\t\t\t\t\t<span class=\"elementor-toggle-icon-opened\"><i class=\"elementor-toggle-icon-opened fas fa-caret-up\"><\/i><\/span>\n\t\t\t\t\t\t\t\t\t\t\t\t\t<\/span>\n\t\t\t\t\t\t\t\t\t\t\t\t<a class=\"elementor-toggle-title\" tabindex=\"0\">Estrutura dur\u00e1vel com precis\u00e3o a longo prazo<\/a>\n\t\t\t\t\t<\/div>\n\n\t\t\t\t\t<div id=\"elementor-tab-content-8732\" class=\"elementor-tab-content elementor-clearfix\" data-tab=\"2\" role=\"region\" aria-labelledby=\"elementor-tab-title-8732\"><p>Constru\u00eddo com um <strong data-start=\"384\" data-end=\"412\">estrutura em liga de a\u00e7o soldada<\/strong> e <strong data-start=\"417\" data-end=\"448\">tratamento global de t\u00eampera<\/strong>. Equipado com <strong data-start=\"464\" data-end=\"497\">estantes de alta precis\u00e3o LEITESEN<\/strong> e <strong data-start=\"502\" data-end=\"527\">redutores de engrenagens premium<\/strong>garantindo resist\u00eancia, precis\u00e3o e desempenho duradouro.<\/p><\/div>\n\t\t\t\t<\/div>\n\t\t\t\t\t\t\t<div class=\"elementor-toggle-item\">\n\t\t\t\t\t<div id=\"elementor-tab-title-8733\" class=\"elementor-tab-title\" data-tab=\"3\" role=\"button\" aria-controls=\"elementor-tab-content-8733\" aria-expanded=\"false\">\n\t\t\t\t\t\t\t\t\t\t\t\t<span class=\"elementor-toggle-icon elementor-toggle-icon-left\" aria-hidden=\"true\">\n\t\t\t\t\t\t\t\t\t\t\t\t\t\t\t<span class=\"elementor-toggle-icon-closed\"><i class=\"fas fa-caret-right\"><\/i><\/span>\n\t\t\t\t\t\t\t\t<span class=\"elementor-toggle-icon-opened\"><i class=\"elementor-toggle-icon-opened fas fa-caret-up\"><\/i><\/span>\n\t\t\t\t\t\t\t\t\t\t\t\t\t<\/span>\n\t\t\t\t\t\t\t\t\t\t\t\t<a class=\"elementor-toggle-title\" tabindex=\"0\">Capacidade de trabalho pesado com personaliza\u00e7\u00e3o flex\u00edvel<\/a>\n\t\t\t\t\t<\/div>\n\n\t\t\t\t\t<div id=\"elementor-tab-content-8733\" class=\"elementor-tab-content elementor-clearfix\" data-tab=\"3\" role=\"region\" aria-labelledby=\"elementor-tab-title-8733\"><p>Pegas <strong data-start=\"661\" data-end=\"677\">at\u00e9 6000kg<\/strong> de feixes de tubos, com op\u00e7\u00f5es personaliz\u00e1veis dispon\u00edveis. Uma combina\u00e7\u00e3o perfeita para <strong data-start=\"752\" data-end=\"788\">sistemas de corte de tubos por laser de fibra<\/strong>que satisfazem as necessidades das aplica\u00e7\u00f5es de grande volume e de servi\u00e7o pesado.<\/p><\/div>\n\t\t\t\t<\/div>\n\t\t\t\t\t\t\t\t<\/div>\n\t\t\t\t\t\t<\/div>\n\t\t\t\t<\/div>\n\t\t\t\t\t<\/div>\n\t\t<\/div>\n\t\t\t\t\t<\/div>\n\t\t<\/section>\n\t\t\t\t<section class=\"elementor-section elementor-top-section elementor-element elementor-element-191c0c5 elementor-section-boxed elementor-section-height-default elementor-section-height-default\" data-id=\"191c0c5\" data-element_type=\"section\">\n\t\t\t\t\t\t<div class=\"elementor-container elementor-column-gap-default\">\n\t\t\t\t\t<div class=\"elementor-column elementor-col-100 elementor-top-column elementor-element elementor-element-a213e19\" data-id=\"a213e19\" data-element_type=\"column\">\n\t\t\t<div class=\"elementor-widget-wrap elementor-element-populated\">\n\t\t\t\t\t\t<div class=\"elementor-element elementor-element-30746cb elementor-widget elementor-widget-heading\" data-id=\"30746cb\" data-element_type=\"widget\" data-widget_type=\"heading.default\">\n\t\t\t\t<div class=\"elementor-widget-container\">\n\t\t\t\t\t<h2 class=\"elementor-heading-title elementor-size-default\">Par\u00e2metros principais<\/h2>\t\t\t\t<\/div>\n\t\t\t\t<\/div>\n\t\t\t\t<div class=\"elementor-element elementor-element-569cedd elementor-widget elementor-widget-image\" data-id=\"569cedd\" data-element_type=\"widget\" data-widget_type=\"image.default\">\n\t\t\t\t<div class=\"elementor-widget-container\">\n\t\t\t\t\t\t\t\t\t\t\t\t\t\t\t<img loading=\"lazy\" decoding=\"async\" width=\"901\" height=\"547\" src=\"https:\/\/www.durmapress.com\/wp-content\/uploads\/2025\/06\/1749785783-DURMAPRESS-Automatic-Pipe-Loading.png\" class=\"attachment-large size-large wp-image-11489\" alt=\"Carregamento autom\u00e1tico de tubos DURMAPRESS\" srcset=\"https:\/\/www.durmapress.com\/wp-content\/uploads\/2025\/06\/1749785783-DURMAPRESS-Automatic-Pipe-Loading.png 901w, https:\/\/www.durmapress.com\/wp-content\/uploads\/2025\/06\/1749785783-DURMAPRESS-Automatic-Pipe-Loading-300x182.png 300w, https:\/\/www.durmapress.com\/wp-content\/uploads\/2025\/06\/1749785783-DURMAPRESS-Automatic-Pipe-Loading-768x466.png 768w, https:\/\/www.durmapress.com\/wp-content\/uploads\/2025\/06\/1749785783-DURMAPRESS-Automatic-Pipe-Loading-18x12.png 18w\" sizes=\"(max-width: 901px) 100vw, 901px\" \/>\t\t\t\t\t\t\t\t\t\t\t\t\t\t\t<\/div>\n\t\t\t\t<\/div>\n\t\t\t\t\t<\/div>\n\t\t<\/div>\n\t\t\t\t\t<\/div>\n\t\t<\/section>\n\t\t\t\t<section class=\"elementor-section elementor-top-section elementor-element elementor-element-5681cbb elementor-section-boxed elementor-section-height-default elementor-section-height-default\" data-id=\"5681cbb\" data-element_type=\"section\">\n\t\t\t\t\t\t<div class=\"elementor-container elementor-column-gap-default\">\n\t\t\t\t\t<div class=\"elementor-column elementor-col-100 elementor-top-column elementor-element elementor-element-a88b4bd\" data-id=\"a88b4bd\" data-element_type=\"column\">\n\t\t\t<div class=\"elementor-widget-wrap elementor-element-populated\">\n\t\t\t\t\t\t<div class=\"elementor-element elementor-element-270745e elementor-widget elementor-widget-heading\" data-id=\"270745e\" data-element_type=\"widget\" data-widget_type=\"heading.default\">\n\t\t\t\t<div class=\"elementor-widget-container\">\n\t\t\t\t\t<h2 class=\"elementor-heading-title elementor-size-default\">Obter um or\u00e7amento \u00e0 medida<\/h2>\t\t\t\t<\/div>\n\t\t\t\t<\/div>\n\t\t\t\t<div class=\"elementor-element elementor-element-567f77e elementor-widget elementor-widget-text-editor\" data-id=\"567f77e\" data-element_type=\"widget\" data-widget_type=\"text-editor.default\">\n\t\t\t\t<div class=\"elementor-widget-container\">\n\t\t\t\t\t\t\t\t\t<p>Send us your pipe specifications and production requirements, and receive a tailored automatic pipe loading solution within 24 hours.<\/p>\t\t\t\t\t\t\t\t<\/div>\n\t\t\t\t<\/div>\n\t\t\t\t<div class=\"elementor-element elementor-element-2c380ff elementor-widget elementor-widget-button\" data-id=\"2c380ff\" data-element_type=\"widget\" data-widget_type=\"button.default\">\n\t\t\t\t<div class=\"elementor-widget-container\">\n\t\t\t\t\t\t\t\t\t<div class=\"elementor-button-wrapper\">\n\t\t\t\t\t<a class=\"elementor-button elementor-button-link elementor-size-sm\" href=\"#elementor-action%3Aaction%3Dpopup%3Aopen%26settings%3DeyJpZCI6IjU2MjQiLCJ0b2dnbGUiOmZhbHNlfQ%3D%3D\">\n\t\t\t\t\t\t<span class=\"elementor-button-content-wrapper\">\n\t\t\t\t\t\t\t\t\t<span class=\"elementor-button-text\">sales@durmapress.com<\/span>\n\t\t\t\t\t<\/span>\n\t\t\t\t\t<\/a>\n\t\t\t\t<\/div>\n\t\t\t\t\t\t\t\t<\/div>\n\t\t\t\t<\/div>\n\t\t\t\t\t<\/div>\n\t\t<\/div>\n\t\t\t\t\t<\/div>\n\t\t<\/section>\n\t\t\t\t<\/div>","protected":false},"excerpt":{"rendered":"<p>Automatic Pipe Loading Machine Automated pipe loading &amp; positioning for tube processing. Smart Feeding Solution for Fiber Laser Tube Cutting DURMAPRESS Automatic Pipe Loading Machine integrates seamlessly with fiber laser cutting systems. Designed with high-efficiency loading, advanced control, and robust structure, it supports a wide range of pipe sizes, ideal for demanding industrial applications. As&hellip;&nbsp;<a href=\"https:\/\/www.durmapress.com\/pt\/maquina-automatica-de-carregamento-de-tubos\/\" rel=\"bookmark\">Ler mais \"<span class=\"screen-reader-text\">M\u00e1quina autom\u00e1tica de carregamento de tubos<\/span><\/a><\/p>","protected":false},"author":1,"featured_media":10837,"parent":0,"menu_order":0,"comment_status":"closed","ping_status":"closed","template":"page-templates\/template-pagebuilder-full-width.php","meta":{"_seopress_robots_primary_cat":"","_seopress_titles_title":"%%post_title%% %%sep%% %%sitetitle%%","_seopress_titles_desc":"Fiber laser tube cutting efficiency with our Automatic Pipe Loading Machine. Fully compatible with fiber laser tube cutting systems, it supports round, square, and rectangular pipes with fast, precise, and intelligent loading.","_seopress_robots_index":"","neve_meta_sidebar":"","neve_meta_container":"","neve_meta_enable_content_width":"","neve_meta_content_width":0,"neve_meta_title_alignment":"","neve_meta_author_avatar":"","neve_post_elements_order":"","neve_meta_disable_header":"","neve_meta_disable_footer":"","neve_meta_disable_title":"","neve_meta_reading_time":""},"class_list":["post-11460","page","type-page","status-publish","has-post-thumbnail","hentry"],"_links":{"self":[{"href":"https:\/\/www.durmapress.com\/pt\/wp-json\/wp\/v2\/pages\/11460","targetHints":{"allow":["GET"]}}],"collection":[{"href":"https:\/\/www.durmapress.com\/pt\/wp-json\/wp\/v2\/pages"}],"about":[{"href":"https:\/\/www.durmapress.com\/pt\/wp-json\/wp\/v2\/types\/page"}],"author":[{"embeddable":true,"href":"https:\/\/www.durmapress.com\/pt\/wp-json\/wp\/v2\/users\/1"}],"replies":[{"embeddable":true,"href":"https:\/\/www.durmapress.com\/pt\/wp-json\/wp\/v2\/comments?post=11460"}],"version-history":[{"count":0,"href":"https:\/\/www.durmapress.com\/pt\/wp-json\/wp\/v2\/pages\/11460\/revisions"}],"wp:featuredmedia":[{"embeddable":true,"href":"https:\/\/www.durmapress.com\/pt\/wp-json\/wp\/v2\/media\/10837"}],"wp:attachment":[{"href":"https:\/\/www.durmapress.com\/pt\/wp-json\/wp\/v2\/media?parent=11460"}],"curies":[{"name":"wp","href":"https:\/\/api.w.org\/{rel}","templated":true}]}}