{"id":1892,"date":"2021-03-26T07:53:09","date_gmt":"2021-03-26T07:53:09","guid":{"rendered":"https:\/\/www.durmagroup.com\/?page_id=1789"},"modified":"2021-03-31T06:47:16","modified_gmt":"2021-03-31T06:47:16","slug":"bs3015d-laser-cutting-machine","status":"publish","type":"page","link":"https:\/\/www.durmapress.com\/pt\/bs3015d-laser-cutting-machine\/","title":{"rendered":"BS3015D 1000W  Fiber Laser Cutting Machine delivery to Ukraine"},"content":{"rendered":"<h1><a href=\"https:\/\/www.durmapress.com\/pt\/product.html\/\">BS3015D 1000W Fiber Laser Cutting Machine<\/a><\/h1>\n<h3>Detalhes da m\u00e1quina<\/h3>\n<p>Machine Model :BS3015D 1000W<br \/>\nMachine Name : Fiber Laser Cutting Machine<\/p>\n<p>Working Size :1500*3000mm<\/p>\n<p>Laser Source : Raycus Laser Generator 1000W<\/p>\n<p>Redutor : Jap\u00e3o SHIMPO<\/p>\n<p>Pe\u00e7as electr\u00f3nicas : Schneider France<\/p>\n<p>Cabe\u00e7a de laser : Raytools Auto Focus<\/p>\n<p>Carris : Taiwan HIWIN<\/p>\n<p>Engrenagem : YYC Transmiss\u00e3o de engrenagens<\/p>\n<p>Sistema de arrefecimento : S&amp;A Water Chiller<\/p>\n<p>Viga: Viga integrada em alum\u00ednio fundido<\/p>\n<p>Pe\u00e7as pneum\u00e1ticas : Jap\u00e3o SMC \/ AIRTAC<\/p>\n<p>Warranty : 5 years warranty ( 2 years for laser generator )<\/p>\n<p>Export Country : Ukraine<\/p>\n<h3>Entrega fora<\/h3>\n<p><img fetchpriority=\"high\" decoding=\"async\" src=\"https:\/\/www.durmapress.com\/wp-content\/uploads\/2021\/03\/\u5fae\u4fe1\u56fe\u7247_20210323141529.jpg\" sizes=\"(max-width: 800px) 100vw, 800px\" srcset=\"https:\/\/www.durmapress.com\/wp-content\/uploads\/2021\/03\/\u5fae\u4fe1\u56fe\u7247_20210323141529.jpg 800w, https:\/\/www.durmapress.com\/wp-content\/uploads\/2021\/03\/\u5fae\u4fe1\u56fe\u7247_20210323141529-300x225.jpg 300w, https:\/\/www.durmapress.com\/wp-content\/uploads\/2021\/03\/\u5fae\u4fe1\u56fe\u7247_20210323141529-768x576.jpg 768w\" alt=\"\" width=\"800\" height=\"600\" \/><br \/>\n<img decoding=\"async\" src=\"https:\/\/www.durmapress.com\/wp-content\/uploads\/2021\/03\/\u5fae\u4fe1\u56fe\u7247_20210323141535.jpg\" sizes=\"(max-width: 800px) 100vw, 800px\" srcset=\"https:\/\/www.durmapress.com\/wp-content\/uploads\/2021\/03\/\u5fae\u4fe1\u56fe\u7247_20210323141535.jpg 800w, https:\/\/www.durmapress.com\/wp-content\/uploads\/2021\/03\/\u5fae\u4fe1\u56fe\u7247_20210323141535-300x225.jpg 300w, https:\/\/www.durmapress.com\/wp-content\/uploads\/2021\/03\/\u5fae\u4fe1\u56fe\u7247_20210323141535-768x576.jpg 768w\" alt=\"\" width=\"800\" height=\"600\" \/><br \/>\n<img decoding=\"async\" src=\"https:\/\/www.durmapress.com\/wp-content\/uploads\/2021\/03\/\u5fae\u4fe1\u56fe\u7247_20210323141541.jpg\" sizes=\"(max-width: 800px) 100vw, 800px\" srcset=\"https:\/\/www.durmapress.com\/wp-content\/uploads\/2021\/03\/\u5fae\u4fe1\u56fe\u7247_20210323141541.jpg 800w, https:\/\/www.durmapress.com\/wp-content\/uploads\/2021\/03\/\u5fae\u4fe1\u56fe\u7247_20210323141541-300x225.jpg 300w, https:\/\/www.durmapress.com\/wp-content\/uploads\/2021\/03\/\u5fae\u4fe1\u56fe\u7247_20210323141541-768x576.jpg 768w\" alt=\"\" width=\"800\" height=\"600\" \/><br \/>\n<img loading=\"lazy\" decoding=\"async\" src=\"https:\/\/www.durmapress.com\/wp-content\/uploads\/2021\/03\/\u5fae\u4fe1\u56fe\u7247_20210323141546.jpg\" sizes=\"(max-width: 800px) 100vw, 800px\" srcset=\"https:\/\/www.durmapress.com\/wp-content\/uploads\/2021\/03\/\u5fae\u4fe1\u56fe\u7247_20210323141546.jpg 800w, https:\/\/www.durmapress.com\/wp-content\/uploads\/2021\/03\/\u5fae\u4fe1\u56fe\u7247_20210323141546-300x225.jpg 300w, https:\/\/www.durmapress.com\/wp-content\/uploads\/2021\/03\/\u5fae\u4fe1\u56fe\u7247_20210323141546-768x576.jpg 768w\" alt=\"\" width=\"800\" height=\"600\" \/><br \/>\n<img loading=\"lazy\" decoding=\"async\" src=\"https:\/\/www.durmapress.com\/wp-content\/uploads\/2021\/03\/\u5fae\u4fe1\u56fe\u7247_20210323150023.jpg\" sizes=\"(max-width: 800px) 100vw, 800px\" srcset=\"https:\/\/www.durmapress.com\/wp-content\/uploads\/2021\/03\/\u5fae\u4fe1\u56fe\u7247_20210323150023.jpg 800w, https:\/\/www.durmapress.com\/wp-content\/uploads\/2021\/03\/\u5fae\u4fe1\u56fe\u7247_20210323150023-300x225.jpg 300w, https:\/\/www.durmapress.com\/wp-content\/uploads\/2021\/03\/\u5fae\u4fe1\u56fe\u7247_20210323150023-768x576.jpg 768w\" alt=\"\" width=\"800\" height=\"600\" \/><br \/>\n<img loading=\"lazy\" decoding=\"async\" src=\"https:\/\/www.durmapress.com\/wp-content\/uploads\/2021\/03\/\u5fae\u4fe1\u56fe\u7247_20210323150027.jpg\" sizes=\"(max-width: 800px) 100vw, 800px\" srcset=\"https:\/\/www.durmapress.com\/wp-content\/uploads\/2021\/03\/\u5fae\u4fe1\u56fe\u7247_20210323150027.jpg 800w, https:\/\/www.durmapress.com\/wp-content\/uploads\/2021\/03\/\u5fae\u4fe1\u56fe\u7247_20210323150027-300x203.jpg 300w, https:\/\/www.durmapress.com\/wp-content\/uploads\/2021\/03\/\u5fae\u4fe1\u56fe\u7247_20210323150027-768x518.jpg 768w\" alt=\"\" width=\"800\" height=\"540\" \/><\/p>","protected":false},"excerpt":{"rendered":"<p>BS3015D 1000W Fiber Laser Cutting Machine Machine Details Machine Model :BS3015D 1000W Machine Name : Fiber Laser Cutting Machine Working Size :1500*3000mm Laser Source : Raycus Laser Generator 1000W Reducer : Japan SHIMPO Electronic Parts : Schneider France Laser Head : Raytools Auto Focus Rails : Taiwan HIWIN Gear : YYC Gear transmission Cooling system&hellip;&nbsp;<a href=\"https:\/\/www.durmapress.com\/pt\/bs3015d-laser-cutting-machine\/\" rel=\"bookmark\">Ler mais \"<span class=\"screen-reader-text\">BS3015D 1000W  Fiber Laser Cutting Machine delivery to Ukraine<\/span><\/a><\/p>","protected":false},"author":1,"featured_media":0,"parent":0,"menu_order":0,"comment_status":"closed","ping_status":"closed","template":"page-templates\/template-pagebuilder-full-width.php","meta":{"_seopress_robots_primary_cat":"","_seopress_titles_title":"","_seopress_titles_desc":"","_seopress_robots_index":"","neve_meta_sidebar":"","neve_meta_container":"","neve_meta_enable_content_width":"off","neve_meta_content_width":0,"neve_meta_title_alignment":"","neve_meta_author_avatar":"","neve_post_elements_order":"","neve_meta_disable_header":"","neve_meta_disable_footer":"","neve_meta_disable_title":"","neve_meta_reading_time":""},"class_list":["post-1892","page","type-page","status-publish","hentry"],"_links":{"self":[{"href":"https:\/\/www.durmapress.com\/pt\/wp-json\/wp\/v2\/pages\/1892","targetHints":{"allow":["GET"]}}],"collection":[{"href":"https:\/\/www.durmapress.com\/pt\/wp-json\/wp\/v2\/pages"}],"about":[{"href":"https:\/\/www.durmapress.com\/pt\/wp-json\/wp\/v2\/types\/page"}],"author":[{"embeddable":true,"href":"https:\/\/www.durmapress.com\/pt\/wp-json\/wp\/v2\/users\/1"}],"replies":[{"embeddable":true,"href":"https:\/\/www.durmapress.com\/pt\/wp-json\/wp\/v2\/comments?post=1892"}],"version-history":[{"count":0,"href":"https:\/\/www.durmapress.com\/pt\/wp-json\/wp\/v2\/pages\/1892\/revisions"}],"wp:attachment":[{"href":"https:\/\/www.durmapress.com\/pt\/wp-json\/wp\/v2\/media?parent=1892"}],"curies":[{"name":"wp","href":"https:\/\/api.w.org\/{rel}","templated":true}]}}